{"id":849,"date":"2025-01-13T18:09:00","date_gmt":"2025-01-13T17:09:00","guid":{"rendered":"https:\/\/callicromia.ch\/hinweis-zum-datenschutz\/"},"modified":"2025-01-17T15:29:11","modified_gmt":"2025-01-17T14:29:11","slug":"hinweis-zum-datenschutz","status":"publish","type":"page","link":"https:\/\/callicromia.ch\/de\/hinweis-zum-datenschutz\/","title":{"rendered":"Hinweis zum Datenschutz"},"content":{"rendered":"\n<h4 class=\"wp-block-heading\"><strong>1. Einf\u00fchrung<\/strong><\/h4>\n\n<p><br\/>Diese Richtlinie beschreibt, wie <strong>Callicromia Laser Studio<\/strong> Ihre pers\u00f6nlichen Daten in \u00dcbereinstimmung mit dem neuen Schweizer <strong>Bundesgesetz \u00fcber den Datenschutz (DSG)<\/strong>, das seit dem <strong>1. September 2023<\/strong> in Kraft ist, sammelt, verwendet, speichert und sch\u00fctzt. Wir verpflichten uns, Ihre pers\u00f6nlichen Daten auf transparente und sichere Weise zu behandeln und sicherzustellen, dass Ihre Privatsph\u00e4re in jeder Phase der Verarbeitung gesch\u00fctzt ist.<\/p>\n\n<h4 class=\"wp-block-heading\"><strong>2. Name und Anschrift des f\u00fcr die Datenverarbeitung Verantwortlichen<\/strong><\/h4>\n\n<p>Der f\u00fcr die Datenverarbeitung Verantwortliche im Sinne dieses Informationsschreibens ist:<\/p>\n\n<p><br\/><br\/>\ud83d\udcde<br\/>\ud83d\udce7 C<strong>ALLICROMIA LASER STUDIO<\/strong> Via della Gallinazza 10A, 6600 Locarno +41 79 611 67 57<strong><a>info@callicromia.ch<\/a><\/strong><\/p>\n\n<h4 class=\"wp-block-heading\"><strong>3. Welche Daten wir sammeln<\/strong><\/h4>\n\n<p>Wir sammeln pers\u00f6nliche Daten, einschlie\u00dflich, aber nicht beschr\u00e4nkt auf:<\/p>\n\n<ul class=\"wp-block-list\">\n<li><strong>Identifizierende Daten<\/strong>: Name, Adresse, Telefonnummer, E-Mail-Adresse.<\/li>\n\n\n\n<li><strong>Technische Daten<\/strong>: IP-Adresse, Ger\u00e4tekennungen, Art des verwendeten Browsers und Betriebssystems.<\/li>\n\n\n\n<li><strong>Nutzungsdaten<\/strong>: besuchte Seiten, Dauer des Besuchs, Interaktionen mit der Website.<\/li>\n\n\n\n<li><strong>Servicebezogene Daten<\/strong>: E-Mail-Kommunikation, Kontaktformulare, Verarbeitungspr\u00e4ferenzen.<\/li>\n<\/ul>\n\n<p>Dar\u00fcber hinaus d\u00fcrfen wir in bestimmten F\u00e4llen sensible Daten, wie z. B. Gesundheitsinformationen, nur mit Ihrer ausdr\u00fccklichen Zustimmung verarbeiten.<\/p>\n\n<h4 class=\"wp-block-heading\"><strong>4. Zweck der Datenverarbeitung<\/strong><\/h4>\n\n<p>Ihre pers\u00f6nlichen Daten werden verarbeitet f\u00fcr:<\/p>\n\n<ul class=\"wp-block-list\">\n<li>Erbringen Sie die gew\u00fcnschten Dienstleistungen.<\/li>\n\n\n\n<li>Personalisierung der Benutzererfahrung auf unserer Website.<\/li>\n\n\n\n<li>Verwalten Sie Buchungen und kommunizieren Sie mit Kunden.<\/li>\n\n\n\n<li>Verbesserung unserer Dienstleistungen und der IT-Sicherheit.<\/li>\n\n\n\n<li>Erf\u00fcllung rechtlicher und steuerlicher Verpflichtungen.<\/li>\n<\/ul>\n\n<h4 class=\"wp-block-heading\"><strong>5. Rechtsgrundlage der Verarbeitung<\/strong><\/h4>\n\n<p>Wir verarbeiten personenbezogene Daten auf den folgenden Rechtsgrundlagen:<\/p>\n\n<ul class=\"wp-block-list\">\n<li><strong>Einverst\u00e4ndnis<\/strong>: klar und deutlich ausgedr\u00fcckt.<\/li>\n\n\n\n<li><strong>Vertr\u00e4ge<\/strong>: um einen Vertrag mit dem Nutzer zu erf\u00fcllen oder auszuf\u00fchren.<\/li>\n\n\n\n<li><strong>Gesetzliche Verpflichtungen<\/strong>: wie von der aktuellen Gesetzgebung gefordert.<\/li>\n\n\n\n<li><strong>Berechtigte Interessen<\/strong>: um die Sicherheit zu gew\u00e4hrleisten und unsere Dienstleistungen zu verbessern.<\/li>\n<\/ul>\n\n<h4 class=\"wp-block-heading\"><strong>6. Gemeinsame Nutzung von Daten<\/strong><\/h4>\n\n<p>Pers\u00f6nliche Daten k\u00f6nnen weitergegeben werden an:<\/p>\n\n<ul class=\"wp-block-list\">\n<li><strong>Dienstleister<\/strong>: Datenverarbeiter (z.B. Hosting, Webanalyse, Zahlungen).<\/li>\n\n\n\n<li><strong>Befugnis<\/strong>: in \u00dcbereinstimmung mit dem geltenden Recht.<\/li>\n\n\n\n<li><strong>Vertragspartner<\/strong>: nur, wenn dies f\u00fcr die Ausf\u00fchrung der angeforderten Dienstleistungen erforderlich ist.<\/li>\n<\/ul>\n\n<p><strong>Hinweis:<\/strong> Alle Dienstleister und Vertragspartner sind verpflichtet, die Anforderungen des Datenschutzgesetzes einzuhalten.<\/p>\n\n<h4 class=\"wp-block-heading\"><strong>7. Aufbewahrung von Daten<\/strong><\/h4>\n\n<p>Wir bewahren Ihre personenbezogenen Daten so lange auf, wie es f\u00fcr die Zwecke, f\u00fcr die sie erhoben wurden, erforderlich ist. In einigen F\u00e4llen werden die Daten l\u00e4nger aufbewahrt, um gesetzliche Verpflichtungen zu erf\u00fcllen (z.B. 10-j\u00e4hrige steuerliche Aufbewahrung). <\/p>\n\n<h4 class=\"wp-block-heading\"><strong>8. Datensicherheit<\/strong><\/h4>\n\n<p>Wir ergreifen geeignete technische und organisatorische Ma\u00dfnahmen, um personenbezogene Daten vor unbefugtem Zugriff, Verlust, Ver\u00e4nderung oder Offenlegung zu sch\u00fctzen.<\/p>\n\n<h4 class=\"wp-block-heading\"><strong>9. Rechte der betroffenen Personen<\/strong><\/h4>\n\n<p>Gem\u00e4\u00df der DPA haben Sie das Recht auf:<\/p>\n\n<ul class=\"wp-block-list\">\n<li>Zugriff auf Ihre pers\u00f6nlichen Daten.<\/li>\n\n\n\n<li>die Berichtigung oder L\u00f6schung von Daten zu verlangen.<\/li>\n\n\n\n<li>Widersprechen Sie der Datenverarbeitung oder widerrufen Sie Ihre Zustimmung.<\/li>\n\n\n\n<li>Beantragen Sie die \u00dcbertragbarkeit von Daten in einem strukturierten Format.<\/li>\n<\/ul>\n\n<p>Um diese Rechte auszu\u00fcben, kontaktieren Sie uns bitte per E-Mail unter <strong><a>info@callicromia.ch<\/a><\/strong>.<\/p>\n\n<h4 class=\"wp-block-heading\"><strong>10. Cookies und Tracking-Technologien<\/strong><\/h4>\n\n<p>Unsere Website verwendet <strong>Cookies<\/strong>, um die Benutzerfreundlichkeit zu verbessern und die Nutzung der Dienste zu analysieren. Sie k\u00f6nnen Ihre Cookie-Pr\u00e4ferenzen direkt in den Einstellungen Ihres Browsers verwalten. <\/p>\n\n<h4 class=\"wp-block-heading\"><strong>11. \u00c4nderungen an der Politik<\/strong><\/h4>\n\n<p>Wir behalten uns das Recht vor, diese Richtlinie zu aktualisieren, um \u00c4nderungen in der Gesetzgebung oder unseren internen Prozessen Rechnung zu tragen. Die aktualisierte Version wird immer auf unserer Website verf\u00fcgbar sein. <\/p>\n\n<h4 class=\"wp-block-heading\"><strong>12. Kontakt<\/strong><\/h4>\n\n<p>Bei Fragen oder Beschwerden zum Thema Datenschutz k\u00f6nnen Sie uns unter folgender Adresse erreichen:<\/p>\n\n<p>\ud83d\udce7 <strong><a>info@callicromia.ch<\/a><\/strong><br\/>\ud83d\udcde <strong>+41 79 611 67 57<\/strong><\/p>\n","protected":false},"excerpt":{"rendered":"<p>1. Einf\u00fchrung Diese Richtlinie beschreibt, wie Callicromia Laser Studio Ihre pers\u00f6nlichen Daten in \u00dcbereinstimmung mit dem neuen Schweizer Bundesgesetz \u00fcber den Datenschutz (DSG), das seit dem 1. September 2023 in Kraft ist, sammelt, verwendet, speichert und sch\u00fctzt. Wir verpflichten uns, Ihre pers\u00f6nlichen Daten auf transparente und sichere Weise zu behandeln und sicherzustellen, dass Ihre Privatsph\u00e4re [&hellip;]<\/p>\n","protected":false},"author":2,"featured_media":0,"parent":0,"menu_order":0,"comment_status":"closed","ping_status":"closed","template":"","meta":{"_seopress_robots_primary_cat":"","_seopress_titles_title":"","_seopress_titles_desc":"","_seopress_robots_index":"","footnotes":""},"class_list":["post-849","page","type-page","status-publish","hentry"],"_links":{"self":[{"href":"https:\/\/callicromia.ch\/de\/wp-json\/wp\/v2\/pages\/849","targetHints":{"allow":["GET"]}}],"collection":[{"href":"https:\/\/callicromia.ch\/de\/wp-json\/wp\/v2\/pages"}],"about":[{"href":"https:\/\/callicromia.ch\/de\/wp-json\/wp\/v2\/types\/page"}],"author":[{"embeddable":true,"href":"https:\/\/callicromia.ch\/de\/wp-json\/wp\/v2\/users\/2"}],"replies":[{"embeddable":true,"href":"https:\/\/callicromia.ch\/de\/wp-json\/wp\/v2\/comments?post=849"}],"version-history":[{"count":1,"href":"https:\/\/callicromia.ch\/de\/wp-json\/wp\/v2\/pages\/849\/revisions"}],"predecessor-version":[{"id":851,"href":"https:\/\/callicromia.ch\/de\/wp-json\/wp\/v2\/pages\/849\/revisions\/851"}],"wp:attachment":[{"href":"https:\/\/callicromia.ch\/de\/wp-json\/wp\/v2\/media?parent=849"}],"curies":[{"name":"wp","href":"https:\/\/api.w.org\/{rel}","templated":true}]}}