{"id":857,"date":"2025-01-14T09:21:45","date_gmt":"2025-01-14T08:21:45","guid":{"rendered":"https:\/\/callicromia.ch\/die-studie\/"},"modified":"2025-01-26T18:49:38","modified_gmt":"2025-01-26T17:49:38","slug":"die-studie","status":"publish","type":"page","link":"https:\/\/callicromia.ch\/de\/die-studie\/","title":{"rendered":"Die Praxis"},"content":{"rendered":"\t\t<div data-elementor-type=\"wp-page\" data-elementor-id=\"857\" class=\"elementor elementor-857 elementor-367\" data-elementor-post-type=\"page\">\n\t\t\t\t<div class=\"elementor-element elementor-element-1abb247 e-con-full e-flex e-con e-parent\" data-id=\"1abb247\" data-element_type=\"container\" data-e-type=\"container\">\n\t\t<div class=\"elementor-element elementor-element-ddb0637 e-con-full e-flex e-con e-child\" data-id=\"ddb0637\" data-element_type=\"container\" data-e-type=\"container\" data-settings=\"{&quot;background_background&quot;:&quot;classic&quot;}\">\n\t\t\t\t<div class=\"elementor-element elementor-element-f4c930a elementor-widget elementor-widget-shortcode\" data-id=\"f4c930a\" data-element_type=\"widget\" data-e-type=\"widget\" data-widget_type=\"shortcode.default\">\n\t\t\t\t<div class=\"elementor-widget-container\">\n\t\t\t\t\t\t\t<div class=\"elementor-shortcode\"><nav  aria-label=\"Brotkrumen\"><ol class=\"breadcrumb\"><li class=\"breadcrumb-item active\" aria-current=\"page\"><span>Home<\/span><\/li><\/ol><\/nav>\n<\/div>\n\t\t\t\t\t\t<\/div>\n\t\t\t\t<\/div>\n\t\t\t\t<\/div>\n\t\t\t\t<\/div>\n\t\t<div class=\"elementor-element elementor-element-8c3479e e-flex e-con-boxed e-con e-parent\" data-id=\"8c3479e\" data-element_type=\"container\" data-e-type=\"container\" data-settings=\"{&quot;background_background&quot;:&quot;classic&quot;}\">\n\t\t\t\t\t<div class=\"e-con-inner\">\n\t\t<div class=\"elementor-element elementor-element-90083fc e-con-full e-flex e-con e-child\" data-id=\"90083fc\" data-element_type=\"container\" data-e-type=\"container\">\n\t\t\t\t<div class=\"elementor-element elementor-element-b5cade1 elementor-widget elementor-widget-heading\" data-id=\"b5cade1\" data-element_type=\"widget\" data-e-type=\"widget\" data-widget_type=\"heading.default\">\n\t\t\t\t<div class=\"elementor-widget-container\">\n\t\t\t\t\t<h2 class=\"elementor-heading-title elementor-size-default\">Callicromia Laser Studio<\/h2>\t\t\t\t<\/div>\n\t\t\t\t<\/div>\n\t\t\t\t<div class=\"elementor-element elementor-element-97d6616 elementor-widget elementor-widget-text-editor\" data-id=\"97d6616\" data-element_type=\"widget\" data-e-type=\"widget\" data-widget_type=\"text-editor.default\">\n\t\t\t\t<div class=\"elementor-widget-container\">\n\t\t\t\t\t\t\t\t\t<p><strong>Callicromia Laser Studio<\/strong> ist viel mehr als ein Beauty-Center: Es ist ein Ort, an dem sich<strong> moderne Eleganz<\/strong> mit einer behaglichen und entspannenden Atmosph\u00e4re vereint und ein einzigartiges <strong>Wellness-Erlebnis<\/strong> bietet, das schon vor der Behandlung beginnt.<\/p>\n<h5><strong>Ein raffiniertes und gem\u00fctliches Ambiente<\/strong><\/h5>\n<p>Sobald Sie die Schwelle \u00fcberschreiten, werden Sie von einem <strong>raffinierten Ambiente mit viel Liebe zum Detail umh\u00fcllt<\/strong>. Naturholz verbindet sich mit den warmen Olivgr\u00fcnt\u00f6nen der W\u00e4nde, w\u00e4hrend das reine Wei\u00df unserer hochmodernen Ger\u00e4te einen eleganten und harmonischen Kontrast bildet. <\/p>\n<p>Jeder Winkel des Studios ist so gestaltet, dass er <strong>Ruhe und Gelassenheit<\/strong> ausstrahlt und Sie einl\u00e4dt, sich zu entspannen und sich vom ersten Moment an wohl zu f\u00fchlen.<\/p>\n<h5><strong>Ein Ort, der f\u00fcr Ihr Wohlbefinden geschaffen wurde<\/strong><\/h5>\n<p>Die Kombination aus edlen Materialien und raffinierten Farben schafft eine einzigartige Atmosph\u00e4re:<\/p>\n<ul>\n<li><strong>Anspruchsvoll<\/strong>, f\u00fcr alle, die Eleganz zu sch\u00e4tzen wissen.<\/li>\n<li><strong>Gem\u00fctlich<\/strong>, damit Sie sich wie zu Hause f\u00fchlen. Jeder Besuch wird zu einem Moment des Genusses, in dem jedes Detail dazu dient, <strong>Ihren Komfort und Ihre Ruhe zu f\u00f6rdern.<\/strong><\/li>\n<\/ul>\n<h5><strong>Unsere Philosophie: Sorgfalt und Harmonie<\/strong><\/h5>\n<p>Wir haben einen Raum geschaffen, der unsere Werte widerspiegelt:<\/p>\n<ul>\n<li><strong>Die Liebe zum Detail<\/strong>, die unerl\u00e4sslich ist, um ein tadelloses Erlebnis zu garantieren.<\/li>\n<li>Die <strong>Harmonie von Formen und Farben<\/strong>, welche Vertrauen und Entspannung vermittelt.<\/li>\n<li>Die Bedeutung einer Umgebung, die Ihr Wohlbefinden steigert und Sie zum Mittelpunkt des Geschehens macht.<\/li>\n<\/ul>\n<p>Das <strong>Callicromia Laser Studio<\/strong> ist nicht nur ein Ort f\u00fcr Sch\u00f6nheitsbehandlungen, sondern eine Oase, in der Ihre pers\u00f6nliche Ausgeglichenheit im Mittelpunkt des Geschehens steht. Jede Behandlung wird zu einem exklusiven Erlebnis, das durch die st\u00e4ndige Aufmerksamkeit f\u00fcr Ihren Komfort und Ihre W\u00fcnsche bereichert wird. <\/p>\n\t\t\t\t\t\t\t\t<\/div>\n\t\t\t\t<\/div>\n\t\t\t\t<\/div>\n\t\t<div class=\"elementor-element elementor-element-5c4bb66 e-con-full e-flex e-con e-child\" data-id=\"5c4bb66\" data-element_type=\"container\" data-e-type=\"container\">\n\t\t\t\t<div class=\"elementor-element elementor-element-281e6bf elementor-widget elementor-widget-image\" data-id=\"281e6bf\" data-element_type=\"widget\" data-e-type=\"widget\" data-widget_type=\"image.default\">\n\t\t\t\t<div class=\"elementor-widget-container\">\n\t\t\t\t\t\t\t\t\t\t\t\t\t\t\t<img alt=\"\" fetchpriority=\"high\" decoding=\"async\" width=\"768\" height=\"1024\" src=\"https:\/\/callicromia.ch\/wp-content\/uploads\/2025\/01\/img_7792-1-768x1024.jpeg\" class=\"attachment-large size-large wp-image-798\" alt=\"\" srcset=\"https:\/\/callicromia.ch\/wp-content\/uploads\/2025\/01\/img_7792-1-768x1024.jpeg 768w, https:\/\/callicromia.ch\/wp-content\/uploads\/2025\/01\/img_7792-1-225x300.jpeg 225w, https:\/\/callicromia.ch\/wp-content\/uploads\/2025\/01\/img_7792-1-1152x1536.jpeg 1152w, https:\/\/callicromia.ch\/wp-content\/uploads\/2025\/01\/img_7792-1-1536x2048.jpeg 1536w, https:\/\/callicromia.ch\/wp-content\/uploads\/2025\/01\/img_7792-1-scaled.jpeg 1920w\" sizes=\"(max-width: 768px) 100vw, 768px\" \/>\t\t\t\t\t\t\t\t\t\t\t\t\t\t\t<\/div>\n\t\t\t\t<\/div>\n\t\t\t\t<\/div>\n\t\t\t\t\t<\/div>\n\t\t\t\t<\/div>\n\t\t<div class=\"elementor-element elementor-element-d125fdc e-flex e-con-boxed e-con e-parent\" data-id=\"d125fdc\" data-element_type=\"container\" data-e-type=\"container\">\n\t\t\t\t\t<div class=\"e-con-inner\">\n\t\t<div class=\"elementor-element elementor-element-91e425c e-con-full e-flex e-con e-child\" data-id=\"91e425c\" data-element_type=\"container\" data-e-type=\"container\">\n\t\t\t\t<div class=\"elementor-element elementor-element-48a9ee1 elementor-widget elementor-widget-jkit_heading\" data-id=\"48a9ee1\" data-element_type=\"widget\" data-e-type=\"widget\" data-widget_type=\"jkit_heading.default\">\n\t\t\t\t<div class=\"elementor-widget-container\">\n\t\t\t\t\t<div  class=\"jeg-elementor-kit jkit-heading  align-center align-tablet- align-mobile- jeg_module___69f24e85e72ae\" ><div class=\"heading-section-title border-enable start display-inline-block\"><h2 class=\"heading-title\">Galleria<\/h2><\/div><\/div>\t\t\t\t<\/div>\n\t\t\t\t<\/div>\n\t\t\t\t<div class=\"elementor-element elementor-element-3e366bc elementor-widget__width-initial elementor-widget elementor-widget-heading\" data-id=\"3e366bc\" data-element_type=\"widget\" data-e-type=\"widget\" data-widget_type=\"heading.default\">\n\t\t\t\t<div class=\"elementor-widget-container\">\n\t\t\t\t\t<h3 class=\"elementor-heading-title elementor-size-default\">Unsere Praxis<\/h3>\t\t\t\t<\/div>\n\t\t\t\t<\/div>\n\t\t\t\t<\/div>\n\t\t<div class=\"elementor-element elementor-element-37184e8 e-con-full e-flex e-con e-child\" data-id=\"37184e8\" data-element_type=\"container\" data-e-type=\"container\">\n\t\t\t\t<div class=\"elementor-element elementor-element-23684f5 elementor-widget elementor-widget-gallery\" data-id=\"23684f5\" data-element_type=\"widget\" data-e-type=\"widget\" data-settings=\"{&quot;gallery_layout&quot;:&quot;masonry&quot;,&quot;columns&quot;:3,&quot;columns_laptop&quot;:4,&quot;gap_laptop&quot;:{&quot;unit&quot;:&quot;px&quot;,&quot;size&quot;:9,&quot;sizes&quot;:[]},&quot;columns_mobile&quot;:2,&quot;lazyload&quot;:&quot;yes&quot;,&quot;columns_tablet&quot;:2,&quot;gap&quot;:{&quot;unit&quot;:&quot;px&quot;,&quot;size&quot;:10,&quot;sizes&quot;:[]},&quot;gap_tablet&quot;:{&quot;unit&quot;:&quot;px&quot;,&quot;size&quot;:10,&quot;sizes&quot;:[]},&quot;gap_mobile&quot;:{&quot;unit&quot;:&quot;px&quot;,&quot;size&quot;:10,&quot;sizes&quot;:[]},&quot;link_to&quot;:&quot;file&quot;,&quot;overlay_background&quot;:&quot;yes&quot;,&quot;content_hover_animation&quot;:&quot;fade-in&quot;}\" data-widget_type=\"gallery.default\">\n\t\t\t\t<div class=\"elementor-widget-container\">\n\t\t\t\t\t\t\t<div class=\"elementor-gallery__container\">\n\t\t\t\t\t\t\t<a class=\"e-gallery-item elementor-gallery-item elementor-animated-content\" href=\"https:\/\/callicromia.ch\/wp-content\/uploads\/2025\/01\/IMG_7792-scaled.jpeg\" data-elementor-open-lightbox=\"yes\" data-elementor-lightbox-slideshow=\"23684f5\" data-elementor-lightbox-title=\"IMG_7792\" data-e-action-hash=\"#elementor-action%3Aaction%3Dlightbox%26settings%3DeyJpZCI6NjI0LCJ1cmwiOiJodHRwczpcL1wvY2FsbGljcm9taWEuY2hcL3dwLWNvbnRlbnRcL3VwbG9hZHNcLzIwMjVcLzAxXC9JTUdfNzc5Mi1zY2FsZWQuanBlZyIsInNsaWRlc2hvdyI6IjIzNjg0ZjUifQ%3D%3D\">\n\t\t\t\t\t<div class=\"e-gallery-image elementor-gallery-item__image\" data-thumbnail=\"https:\/\/callicromia.ch\/wp-content\/uploads\/2025\/01\/IMG_7792-1152x1536.jpeg\" data-width=\"1152\" data-height=\"1536\" aria-label=\"\" role=\"img\" ><\/div>\n\t\t\t\t\t\t\t\t\t\t\t<div class=\"elementor-gallery-item__overlay\"><\/div>\n\t\t\t\t\t\t\t\t\t\t\t\t\t\t<\/a>\n\t\t\t\t\t\t\t<a class=\"e-gallery-item elementor-gallery-item elementor-animated-content\" href=\"https:\/\/callicromia.ch\/wp-content\/uploads\/2025\/01\/IMG_7791-scaled.jpeg\" data-elementor-open-lightbox=\"yes\" data-elementor-lightbox-slideshow=\"23684f5\" data-elementor-lightbox-title=\"IMG_7791\" data-e-action-hash=\"#elementor-action%3Aaction%3Dlightbox%26settings%3DeyJpZCI6NjI1LCJ1cmwiOiJodHRwczpcL1wvY2FsbGljcm9taWEuY2hcL3dwLWNvbnRlbnRcL3VwbG9hZHNcLzIwMjVcLzAxXC9JTUdfNzc5MS1zY2FsZWQuanBlZyIsInNsaWRlc2hvdyI6IjIzNjg0ZjUifQ%3D%3D\">\n\t\t\t\t\t<div class=\"e-gallery-image elementor-gallery-item__image\" data-thumbnail=\"https:\/\/callicromia.ch\/wp-content\/uploads\/2025\/01\/IMG_7791-1152x1536.jpeg\" data-width=\"1152\" data-height=\"1536\" aria-label=\"\" role=\"img\" ><\/div>\n\t\t\t\t\t\t\t\t\t\t\t<div class=\"elementor-gallery-item__overlay\"><\/div>\n\t\t\t\t\t\t\t\t\t\t\t\t\t\t<\/a>\n\t\t\t\t\t\t\t<a class=\"e-gallery-item elementor-gallery-item elementor-animated-content\" href=\"https:\/\/callicromia.ch\/wp-content\/uploads\/2025\/01\/IMG_7790-scaled.jpeg\" data-elementor-open-lightbox=\"yes\" data-elementor-lightbox-slideshow=\"23684f5\" data-elementor-lightbox-title=\"IMG_7790\" data-e-action-hash=\"#elementor-action%3Aaction%3Dlightbox%26settings%3DeyJpZCI6NjI2LCJ1cmwiOiJodHRwczpcL1wvY2FsbGljcm9taWEuY2hcL3dwLWNvbnRlbnRcL3VwbG9hZHNcLzIwMjVcLzAxXC9JTUdfNzc5MC1zY2FsZWQuanBlZyIsInNsaWRlc2hvdyI6IjIzNjg0ZjUifQ%3D%3D\">\n\t\t\t\t\t<div class=\"e-gallery-image elementor-gallery-item__image\" data-thumbnail=\"https:\/\/callicromia.ch\/wp-content\/uploads\/2025\/01\/IMG_7790-1152x1536.jpeg\" data-width=\"1152\" data-height=\"1536\" aria-label=\"\" role=\"img\" ><\/div>\n\t\t\t\t\t\t\t\t\t\t\t<div class=\"elementor-gallery-item__overlay\"><\/div>\n\t\t\t\t\t\t\t\t\t\t\t\t\t\t<\/a>\n\t\t\t\t\t\t\t<a class=\"e-gallery-item elementor-gallery-item elementor-animated-content\" href=\"https:\/\/callicromia.ch\/wp-content\/uploads\/2025\/01\/IMG_7783-scaled.jpeg\" data-elementor-open-lightbox=\"yes\" data-elementor-lightbox-slideshow=\"23684f5\" data-elementor-lightbox-title=\"IMG_7783\" data-e-action-hash=\"#elementor-action%3Aaction%3Dlightbox%26settings%3DeyJpZCI6NjI3LCJ1cmwiOiJodHRwczpcL1wvY2FsbGljcm9taWEuY2hcL3dwLWNvbnRlbnRcL3VwbG9hZHNcLzIwMjVcLzAxXC9JTUdfNzc4My1zY2FsZWQuanBlZyIsInNsaWRlc2hvdyI6IjIzNjg0ZjUifQ%3D%3D\">\n\t\t\t\t\t<div class=\"e-gallery-image elementor-gallery-item__image\" data-thumbnail=\"https:\/\/callicromia.ch\/wp-content\/uploads\/2025\/01\/IMG_7783-1152x1536.jpeg\" data-width=\"1152\" data-height=\"1536\" aria-label=\"\" role=\"img\" ><\/div>\n\t\t\t\t\t\t\t\t\t\t\t<div class=\"elementor-gallery-item__overlay\"><\/div>\n\t\t\t\t\t\t\t\t\t\t\t\t\t\t<\/a>\n\t\t\t\t\t\t\t<a class=\"e-gallery-item elementor-gallery-item elementor-animated-content\" href=\"https:\/\/callicromia.ch\/wp-content\/uploads\/2025\/01\/IMG_7781-scaled.jpeg\" data-elementor-open-lightbox=\"yes\" data-elementor-lightbox-slideshow=\"23684f5\" data-elementor-lightbox-title=\"IMG_7781\" data-e-action-hash=\"#elementor-action%3Aaction%3Dlightbox%26settings%3DeyJpZCI6NjI4LCJ1cmwiOiJodHRwczpcL1wvY2FsbGljcm9taWEuY2hcL3dwLWNvbnRlbnRcL3VwbG9hZHNcLzIwMjVcLzAxXC9JTUdfNzc4MS1zY2FsZWQuanBlZyIsInNsaWRlc2hvdyI6IjIzNjg0ZjUifQ%3D%3D\">\n\t\t\t\t\t<div class=\"e-gallery-image elementor-gallery-item__image\" data-thumbnail=\"https:\/\/callicromia.ch\/wp-content\/uploads\/2025\/01\/IMG_7781-1152x1536.jpeg\" data-width=\"1152\" data-height=\"1536\" aria-label=\"\" role=\"img\" ><\/div>\n\t\t\t\t\t\t\t\t\t\t\t<div class=\"elementor-gallery-item__overlay\"><\/div>\n\t\t\t\t\t\t\t\t\t\t\t\t\t\t<\/a>\n\t\t\t\t\t\t\t<a class=\"e-gallery-item elementor-gallery-item elementor-animated-content\" href=\"https:\/\/callicromia.ch\/wp-content\/uploads\/2025\/01\/IMG_7780-scaled.jpeg\" data-elementor-open-lightbox=\"yes\" data-elementor-lightbox-slideshow=\"23684f5\" data-elementor-lightbox-title=\"IMG_7780\" data-e-action-hash=\"#elementor-action%3Aaction%3Dlightbox%26settings%3DeyJpZCI6NjI5LCJ1cmwiOiJodHRwczpcL1wvY2FsbGljcm9taWEuY2hcL3dwLWNvbnRlbnRcL3VwbG9hZHNcLzIwMjVcLzAxXC9JTUdfNzc4MC1zY2FsZWQuanBlZyIsInNsaWRlc2hvdyI6IjIzNjg0ZjUifQ%3D%3D\">\n\t\t\t\t\t<div class=\"e-gallery-image elementor-gallery-item__image\" data-thumbnail=\"https:\/\/callicromia.ch\/wp-content\/uploads\/2025\/01\/IMG_7780-1152x1536.jpeg\" data-width=\"1152\" data-height=\"1536\" aria-label=\"\" role=\"img\" ><\/div>\n\t\t\t\t\t\t\t\t\t\t\t<div class=\"elementor-gallery-item__overlay\"><\/div>\n\t\t\t\t\t\t\t\t\t\t\t\t\t\t<\/a>\n\t\t\t\t\t\t\t<a class=\"e-gallery-item elementor-gallery-item elementor-animated-content\" href=\"https:\/\/callicromia.ch\/wp-content\/uploads\/2025\/01\/IMG_7779-scaled.jpeg\" data-elementor-open-lightbox=\"yes\" data-elementor-lightbox-slideshow=\"23684f5\" data-elementor-lightbox-title=\"IMG_7779\" data-e-action-hash=\"#elementor-action%3Aaction%3Dlightbox%26settings%3DeyJpZCI6NjMwLCJ1cmwiOiJodHRwczpcL1wvY2FsbGljcm9taWEuY2hcL3dwLWNvbnRlbnRcL3VwbG9hZHNcLzIwMjVcLzAxXC9JTUdfNzc3OS1zY2FsZWQuanBlZyIsInNsaWRlc2hvdyI6IjIzNjg0ZjUifQ%3D%3D\">\n\t\t\t\t\t<div class=\"e-gallery-image elementor-gallery-item__image\" data-thumbnail=\"https:\/\/callicromia.ch\/wp-content\/uploads\/2025\/01\/IMG_7779-1152x1536.jpeg\" data-width=\"1152\" data-height=\"1536\" aria-label=\"\" role=\"img\" ><\/div>\n\t\t\t\t\t\t\t\t\t\t\t<div class=\"elementor-gallery-item__overlay\"><\/div>\n\t\t\t\t\t\t\t\t\t\t\t\t\t\t<\/a>\n\t\t\t\t\t<\/div>\n\t\t\t\t\t<\/div>\n\t\t\t\t<\/div>\n\t\t\t\t<\/div>\n\t\t\t\t\t<\/div>\n\t\t\t\t<\/div>\n\t\t\t\t<\/div>\n\t\t","protected":false},"excerpt":{"rendered":"<p>Callicromia Laser Studio Callicromia Laser Studio ist viel mehr als ein Beauty-Center: Es ist ein Ort, an dem sich moderne Eleganz mit einer behaglichen und entspannenden Atmosph\u00e4re vereint und ein einzigartiges Wellness-Erlebnis bietet, das schon vor der Behandlung beginnt. Ein raffiniertes und gem\u00fctliches Ambiente Sobald Sie die Schwelle \u00fcberschreiten, werden Sie von einem raffinierten Ambiente [&hellip;]<\/p>\n","protected":false},"author":2,"featured_media":0,"parent":0,"menu_order":0,"comment_status":"closed","ping_status":"closed","template":"","meta":{"_seopress_robots_primary_cat":"","_seopress_titles_title":"Die Praxis - Callicromia Laser Studio, Technologie und Wellness","_seopress_titles_desc":"Willkommen im Callicromia Laser Studio in Locarno: ein eleganter und einladender Raum, in welchem medizinische Lasertechnologie mit Ihrem Wohlbefinden vereint werden.","_seopress_robots_index":"","footnotes":""},"class_list":["post-857","page","type-page","status-publish","hentry"],"_links":{"self":[{"href":"https:\/\/callicromia.ch\/de\/wp-json\/wp\/v2\/pages\/857","targetHints":{"allow":["GET"]}}],"collection":[{"href":"https:\/\/callicromia.ch\/de\/wp-json\/wp\/v2\/pages"}],"about":[{"href":"https:\/\/callicromia.ch\/de\/wp-json\/wp\/v2\/types\/page"}],"author":[{"embeddable":true,"href":"https:\/\/callicromia.ch\/de\/wp-json\/wp\/v2\/users\/2"}],"replies":[{"embeddable":true,"href":"https:\/\/callicromia.ch\/de\/wp-json\/wp\/v2\/comments?post=857"}],"version-history":[{"count":5,"href":"https:\/\/callicromia.ch\/de\/wp-json\/wp\/v2\/pages\/857\/revisions"}],"predecessor-version":[{"id":1026,"href":"https:\/\/callicromia.ch\/de\/wp-json\/wp\/v2\/pages\/857\/revisions\/1026"}],"wp:attachment":[{"href":"https:\/\/callicromia.ch\/de\/wp-json\/wp\/v2\/media?parent=857"}],"curies":[{"name":"wp","href":"https:\/\/api.w.org\/{rel}","templated":true}]}}