{"id":865,"date":"2025-01-13T16:35:15","date_gmt":"2025-01-13T15:35:15","guid":{"rendered":"https:\/\/callicromia.ch\/fortgeschrittene-behandlung-gegen-akne\/"},"modified":"2025-01-27T00:18:59","modified_gmt":"2025-01-26T23:18:59","slug":"fortgeschrittene-behandlung-gegen-akne","status":"publish","type":"page","link":"https:\/\/callicromia.ch\/de\/behandlungen\/fortgeschrittene-behandlung-gegen-akne\/","title":{"rendered":"Fortgeschrittene Behandlung gegen Akne"},"content":{"rendered":"\t\t<div data-elementor-type=\"wp-page\" data-elementor-id=\"865\" class=\"elementor elementor-865 elementor-266\" data-elementor-post-type=\"page\">\n\t\t\t\t<div class=\"elementor-element elementor-element-5808eb59 e-flex e-con-boxed e-con e-parent\" data-id=\"5808eb59\" data-element_type=\"container\" data-e-type=\"container\">\n\t\t\t\t\t<div class=\"e-con-inner\">\n\t\t<div class=\"elementor-element elementor-element-1ef2daea e-con-full e-flex e-con e-child\" data-id=\"1ef2daea\" data-element_type=\"container\" data-e-type=\"container\">\n\t\t\t\t<div class=\"elementor-element elementor-element-58070aee elementor-widget elementor-widget-heading\" data-id=\"58070aee\" data-element_type=\"widget\" data-e-type=\"widget\" data-widget_type=\"heading.default\">\n\t\t\t\t<div class=\"elementor-widget-container\">\n\t\t\t\t\t<h1 class=\"elementor-heading-title elementor-size-default\">Fortschrittliche Aknebehandlungen mit IPL-Lasertechnologie<\/h1>\t\t\t\t<\/div>\n\t\t\t\t<\/div>\n\t\t\t\t<div class=\"elementor-element elementor-element-7215f2a4 elementor-widget elementor-widget-image\" data-id=\"7215f2a4\" data-element_type=\"widget\" data-e-type=\"widget\" data-widget_type=\"image.default\">\n\t\t\t\t<div class=\"elementor-widget-container\">\n\t\t\t\t\t\t\t\t\t\t\t\t\t\t\t<img alt=\"\" fetchpriority=\"high\" decoding=\"async\" width=\"800\" height=\"452\" src=\"https:\/\/callicromia.ch\/wp-content\/uploads\/2025\/01\/Trattamento-Acnee-1024x579.jpg\" class=\"attachment-large size-large wp-image-782\" alt=\"\" srcset=\"https:\/\/callicromia.ch\/wp-content\/uploads\/2025\/01\/Trattamento-Acnee-1024x579.jpg 1024w, https:\/\/callicromia.ch\/wp-content\/uploads\/2025\/01\/Trattamento-Acnee-300x170.jpg 300w, https:\/\/callicromia.ch\/wp-content\/uploads\/2025\/01\/Trattamento-Acnee-768x434.jpg 768w, https:\/\/callicromia.ch\/wp-content\/uploads\/2025\/01\/Trattamento-Acnee.jpg 1081w\" sizes=\"(max-width: 800px) 100vw, 800px\" \/>\t\t\t\t\t\t\t\t\t\t\t\t\t\t\t<\/div>\n\t\t\t\t<\/div>\n\t\t\t\t<div class=\"elementor-element elementor-element-2b008486 elementor-widget elementor-widget-text-editor\" data-id=\"2b008486\" data-element_type=\"widget\" data-e-type=\"widget\" data-widget_type=\"text-editor.default\">\n\t\t\t\t<div class=\"elementor-widget-container\">\n\t\t\t\t\t\t\t\t\t<p>Akne kann sichtbare und unangenehme Spuren auf der Haut hinterlassen, die sich negativ auf das Selbstvertrauen auswirken. Im <strong>Callicromia Laser Studio<\/strong> bieten wir eine innovative L\u00f6sung zur Bek\u00e4mpfung von Akne und zur Verbesserung des Erscheinungsbildes von Narben mit der fortschrittlichen <strong>Nordlys-Plattform von Candela Medical<\/strong>. <\/p>\n<h4><strong>Nordlys-Technologie: wirksam gegen Akne<\/strong><\/h4>\n<p>Das <strong>Nordlys-System<\/strong> ist eine der fortschrittlichsten Technologien auf dem Gebiet der \u00e4sthetischen Dermatologie. Diese Plattform verbindet technologische Innovation mit Sicherheit und garantiert bereits nach 2-3 Behandlungen <strong>sichtbare Ergebnisse<\/strong>. Zu seinen wichtigsten Merkmalen geh\u00f6ren:  <\/p>\n<ul>\n<li><strong>Verringerung der Entz\u00fcndung<\/strong>: Der Laser wirkt in der Tiefe und lindert R\u00f6tungen und Schwellungen.<\/li>\n<li><strong>Beseitigung von Bakterien<\/strong>: eliminiert die f\u00fcr die Akne verantwortlichen Bakterien und verhindert so neue Hautausbr\u00fcche.<\/li>\n<li><strong>Heilung von Narben<\/strong>: f\u00f6rdert die Regeneration der Haut und verbessert die Textur und den Tonus erheblich.<\/li>\n<\/ul>\n<h4><strong>Die Vorteile einer Aknebehandlung<\/strong><\/h4>\n<ul>\n<li><strong>Schnelle und sichere Ergebnisse<\/strong>: Sie werden die ersten Verbesserungen schon nach wenigen Sitzungen sehen.<\/li>\n<li><strong>Nicht-invasiv<\/strong>: Die Behandlung ist sanft zur Haut und selbst f\u00fcr die empfindlichsten Fototypen geeignet.<\/li>\n<li><strong>Individuelle Anpassung<\/strong>: Jede Sitzung wird auf die spezifischen Bed\u00fcrfnisse des Patienten abgestimmt.<\/li>\n<li><strong>F\u00fcr alle Hauttypen geeignet<\/strong>: Das Nordlys-System ist bei allen Hautt\u00f6nen und -strukturen wirksam.<\/li>\n<\/ul>\n<h4><strong>Wie wird die Behandlung durchgef\u00fchrt?<\/strong><\/h4>\n<ol>\n<li><strong>Ersteinsch\u00e4tzung<\/strong>: Wir analysieren Ihren Hauttyp und den Schweregrad Ihrer Akne.<\/li>\n<li><strong>Behandlungssitzung<\/strong>: Der Laser wird auf die betroffenen Bereiche angewendet, um die Entz\u00fcndung zu reduzieren und das allgemeine Erscheinungsbild der Haut zu verbessern.<\/li>\n<li><strong>Ma\u00dfgeschneidertes Programm<\/strong>: wir empfehlen 2-3 Sitzungen f\u00fcr optimale Ergebnisse, mit m\u00f6glichen Erhaltungsbehandlungen.<\/li>\n<\/ol>\n<h4><strong>Nach der Behandlung: Was Sie erwartet<\/strong><\/h4>\n<p>Nach der Behandlung k\u00f6nnen Sie eine leichte R\u00f6tung beobachten, die innerhalb weniger Stunden abklingt. Zum Schutz und zur F\u00f6rderung der Heilung der Haut empfehlen wir: <\/p>\n<ul>\n<li>Tragen Sie <strong>Sonnenschutzmittel SPF 50+<\/strong> auf.<\/li>\n<li>Vermeiden Sie einige Wochen lang direkte Sonneneinstrahlung.<\/li>\n<li>Befolgen Sie die Anweisungen unserer Mitarbeiter, um ein optimales Ergebnis zu erzielen.<\/li>\n<\/ul>\n\t\t\t\t\t\t\t\t<\/div>\n\t\t\t\t<\/div>\n\t\t\t\t<div class=\"elementor-element elementor-element-d0f5791 elementor-widget elementor-widget-heading\" data-id=\"d0f5791\" data-element_type=\"widget\" data-e-type=\"widget\" data-widget_type=\"heading.default\">\n\t\t\t\t<div class=\"elementor-widget-container\">\n\t\t\t\t\t<h2 class=\"elementor-heading-title elementor-size-default\">Warum Callicromia Laser Studio w\u00e4hlen?<\/h2>\t\t\t\t<\/div>\n\t\t\t\t<\/div>\n\t\t\t\t<div class=\"elementor-element elementor-element-285e2cb5 elementor-widget elementor-widget-text-editor\" data-id=\"285e2cb5\" data-element_type=\"widget\" data-e-type=\"widget\" data-widget_type=\"text-editor.default\">\n\t\t\t\t<div class=\"elementor-widget-container\">\n\t\t\t\t\t\t\t\t\t<ul>\n<li><strong>Hohe Pr\u00e4zision:<\/strong> Das System wirkt direkt auf die Blutgef\u00e4\u00dfe, ohne das umliegende Gewebe zu besch\u00e4digen.<\/li>\n<li><strong>Sichtbare und lang anhaltende Ergebnisse:<\/strong> Schon nach wenigen Sitzungen werden Sie eine deutliche Verbesserung feststellen.<\/li>\n<li><strong>Minimale Erholungszeit:<\/strong> nicht-invasive Behandlungen, die es Ihnen erm\u00f6glichen, sofort wieder in Ihren Alltag zur\u00fcckzukehren.<\/li>\n<\/ul>\n\t\t\t\t\t\t\t\t<\/div>\n\t\t\t\t<\/div>\n\t\t\t\t<\/div>\n\t\t<div class=\"elementor-element elementor-element-6cfad17 e-con-full e-flex e-con e-child\" data-id=\"6cfad17\" data-element_type=\"container\" data-e-type=\"container\">\n\t\t<div class=\"elementor-element elementor-element-43be7677 e-flex e-con-boxed e-con e-child\" data-id=\"43be7677\" data-element_type=\"container\" data-e-type=\"container\" data-settings=\"{&quot;background_background&quot;:&quot;classic&quot;}\">\n\t\t\t\t\t<div class=\"e-con-inner\">\n\t\t\t\t<div class=\"elementor-element elementor-element-32205d48 elementor-widget elementor-widget-heading\" data-id=\"32205d48\" data-element_type=\"widget\" data-e-type=\"widget\" data-widget_type=\"heading.default\">\n\t\t\t\t<div class=\"elementor-widget-container\">\n\t\t\t\t\t<h2 class=\"elementor-heading-title elementor-size-default\">Buchen Sie jetzt Ihre Behandlung\n<\/h2>\t\t\t\t<\/div>\n\t\t\t\t<\/div>\n\t\t\t\t<div class=\"elementor-element elementor-element-2deefdc2 elementor-align-center elementor-widget elementor-widget-button\" data-id=\"2deefdc2\" data-element_type=\"widget\" data-e-type=\"widget\" data-widget_type=\"button.default\">\n\t\t\t\t<div class=\"elementor-widget-container\">\n\t\t\t\t\t\t\t\t\t<div class=\"elementor-button-wrapper\">\n\t\t\t\t\t<a class=\"elementor-button elementor-button-link elementor-size-sm\" href=\"https:\/\/booking.localsearch.ch\/bookings\/callicromia-laser-studio\/services?locale=de&#038;origin=searchch\">\n\t\t\t\t\t\t<span class=\"elementor-button-content-wrapper\">\n\t\t\t\t\t\t\t\t\t<span class=\"elementor-button-text\">Hier online buchen<\/span>\n\t\t\t\t\t<\/span>\n\t\t\t\t\t<\/a>\n\t\t\t\t<\/div>\n\t\t\t\t\t\t\t\t<\/div>\n\t\t\t\t<\/div>\n\t\t\t\t\t<\/div>\n\t\t\t\t<\/div>\n\t\t<div class=\"elementor-element elementor-element-2f86c784 e-flex e-con-boxed e-con e-child\" data-id=\"2f86c784\" data-element_type=\"container\" data-e-type=\"container\">\n\t\t\t\t\t<div class=\"e-con-inner\">\n\t\t\t\t<div class=\"elementor-element elementor-element-83a34b2 elementor-widget elementor-widget-heading\" data-id=\"83a34b2\" data-element_type=\"widget\" data-e-type=\"widget\" data-widget_type=\"heading.default\">\n\t\t\t\t<div class=\"elementor-widget-container\">\n\t\t\t\t\t<h2 class=\"elementor-heading-title elementor-size-default\">Unsere Behandlungen<\/h2>\t\t\t\t<\/div>\n\t\t\t\t<\/div>\n\t\t\t\t<div class=\"elementor-element elementor-element-7737476e elementor-icon-list--layout-traditional elementor-list-item-link-full_width elementor-widget elementor-widget-global elementor-global-814 elementor-global-203 elementor-widget-icon-list\" data-id=\"7737476e\" data-element_type=\"widget\" data-e-type=\"widget\" data-widget_type=\"icon-list.default\">\n\t\t\t\t<div class=\"elementor-widget-container\">\n\t\t\t\t\t\t\t<ul class=\"elementor-icon-list-items\">\n\t\t\t\t\t\t\t<li class=\"elementor-icon-list-item\">\n\t\t\t\t\t\t\t\t\t\t\t<a href=\"https:\/\/callicromia.ch\/de\/behandlungen\/behandlung-von-gefaessverletzungen-mit-moderner-lasertechnologie\/\">\n\n\t\t\t\t\t\t\t\t\t\t\t<span class=\"elementor-icon-list-text\">Gef\u00e4\u00dfverletzungen mit moderner Lasertechnologie<\/span>\n\t\t\t\t\t\t\t\t\t\t\t<\/a>\n\t\t\t\t\t\t\t\t\t<\/li>\n\t\t\t\t\t\t\t\t<li class=\"elementor-icon-list-item\">\n\t\t\t\t\t\t\t\t\t\t\t<a href=\"https:\/\/callicromia.ch\/de\/behandlungen\/entfernung-von-pigmentierten-laesionen-im-gesicht-an-den-haenden-und-am-dekollete\/\">\n\n\t\t\t\t\t\t\t\t\t\t\t<span class=\"elementor-icon-list-text\">Entfernung von pigmentierten L\u00e4sionen auf Gesicht, H\u00e4nden und Dekollet\u00e9<\/span>\n\t\t\t\t\t\t\t\t\t\t\t<\/a>\n\t\t\t\t\t\t\t\t\t<\/li>\n\t\t\t\t\t\t\t\t<li class=\"elementor-icon-list-item\">\n\t\t\t\t\t\t\t\t\t\t\t<a href=\"https:\/\/callicromia.ch\/trattamenti\/foto-ringiovanimento-non-ablativo\/\">\n\n\t\t\t\t\t\t\t\t\t\t\t<span class=\"elementor-icon-list-text\">Nicht-ablatives Resurfacing oder Rejuvination<\/span>\n\t\t\t\t\t\t\t\t\t\t\t<\/a>\n\t\t\t\t\t\t\t\t\t<\/li>\n\t\t\t\t\t\t\t\t<li class=\"elementor-icon-list-item\">\n\t\t\t\t\t\t\t\t\t\t\t<a href=\"https:\/\/callicromia.ch\/trattak\/trattamento-avanzato-contro-acnee\/\">\n\n\t\t\t\t\t\t\t\t\t\t\t<span class=\"elementor-icon-list-text\">Behandlung von Akne<\/span>\n\t\t\t\t\t\t\t\t\t\t\t<\/a>\n\t\t\t\t\t\t\t\t\t<\/li>\n\t\t\t\t\t\t\t\t<li class=\"elementor-icon-list-item\">\n\t\t\t\t\t\t\t\t\t\t\t<a href=\"https:\/\/callicromia.ch\/trattak\/rimozione-di-cicatrici-e-smagliature-post-gravidanza\/\">\n\n\t\t\t\t\t\t\t\t\t\t\t<span class=\"elementor-icon-list-text\">Entfernung von Schwangerschaftsnarben und Dehnungsstreifen<\/span>\n\t\t\t\t\t\t\t\t\t\t\t<\/a>\n\t\t\t\t\t\t\t\t\t<\/li>\n\t\t\t\t\t\t\t\t<li class=\"elementor-icon-list-item\">\n\t\t\t\t\t\t\t\t\t\t\t<a href=\"https:\/\/callicromia.ch\/trattamenti\/rimozione-tatuaggi-con-tecnologia-pico-laser\/\">\n\n\t\t\t\t\t\t\t\t\t\t\t<span class=\"elementor-icon-list-text\">Tattoo-Entfernungen<\/span>\n\t\t\t\t\t\t\t\t\t\t\t<\/a>\n\t\t\t\t\t\t\t\t\t<\/li>\n\t\t\t\t\t\t\t\t<li class=\"elementor-icon-list-item\">\n\t\t\t\t\t\t\t\t\t\t\t<a href=\"https:\/\/callicromia.ch\/trattamenti\/pressoterapia-sollievo-e-benessere-per-le-tue-gambe\/\">\n\n\t\t\t\t\t\t\t\t\t\t\t<span class=\"elementor-icon-list-text\">Pressotherapie-Behandlung<\/span>\n\t\t\t\t\t\t\t\t\t\t\t<\/a>\n\t\t\t\t\t\t\t\t\t<\/li>\n\t\t\t\t\t\t<\/ul>\n\t\t\t\t\t\t<\/div>\n\t\t\t\t<\/div>\n\t\t\t\t\t<\/div>\n\t\t\t\t<\/div>\n\t\t\t\t<\/div>\n\t\t\t\t\t<\/div>\n\t\t\t\t<\/div>\n\t\t<div class=\"elementor-element elementor-element-7f64a7ed e-flex e-con-boxed e-con e-parent\" data-id=\"7f64a7ed\" data-element_type=\"container\" data-e-type=\"container\">\n\t\t\t\t\t<div class=\"e-con-inner\">\n\t\t<div class=\"elementor-element elementor-element-77d59e1d e-con-full e-flex e-con e-child\" data-id=\"77d59e1d\" data-element_type=\"container\" data-e-type=\"container\">\n\t\t\t\t<div class=\"elementor-element elementor-element-59dd7d83 elementor-widget elementor-widget-jkit_heading\" data-id=\"59dd7d83\" data-element_type=\"widget\" data-e-type=\"widget\" data-widget_type=\"jkit_heading.default\">\n\t\t\t\t<div class=\"elementor-widget-container\">\n\t\t\t\t\t<div  class=\"jeg-elementor-kit jkit-heading  align-center align-tablet- align-mobile- jeg_module___69f24e0017ab0\" ><div class=\"heading-section-title border-enable start display-inline-block\"><h2 class=\"heading-title\">Prima e DOPO<\/h2><\/div><\/div>\t\t\t\t<\/div>\n\t\t\t\t<\/div>\n\t\t\t\t<div class=\"elementor-element elementor-element-35486f22 elementor-widget elementor-widget-heading\" data-id=\"35486f22\" data-element_type=\"widget\" data-e-type=\"widget\" data-widget_type=\"heading.default\">\n\t\t\t\t<div class=\"elementor-widget-container\">\n\t\t\t\t\t<h2 class=\"elementor-heading-title elementor-size-default\">Tats\u00e4chliche Ergebnisse<\/h2>\t\t\t\t<\/div>\n\t\t\t\t<\/div>\n\t\t\t\t<\/div>\n\t\t\t\t\t<\/div>\n\t\t\t\t<\/div>\n\t\t\t\t<\/div>\n\t\t","protected":false},"excerpt":{"rendered":"<p>Fortschrittliche Aknebehandlungen mit IPL-Lasertechnologie Akne kann sichtbare und unangenehme Spuren auf der Haut hinterlassen, die sich negativ auf das Selbstvertrauen auswirken. Im Callicromia Laser Studio bieten wir eine innovative L\u00f6sung zur Bek\u00e4mpfung von Akne und zur Verbesserung des Erscheinungsbildes von Narben mit der fortschrittlichen Nordlys-Plattform von Candela Medical. Nordlys-Technologie: wirksam gegen Akne Das Nordlys-System ist [&hellip;]<\/p>\n","protected":false},"author":2,"featured_media":0,"parent":866,"menu_order":0,"comment_status":"closed","ping_status":"closed","template":"","meta":{"_seopress_robots_primary_cat":"","_seopress_titles_title":"Akne Laser IPL Behandlungen - Callicromia Studio Locarno","_seopress_titles_desc":"Befreien Sie sich von Akne und Narben mit fortschrittlichen IPL-Laserbehandlungen im Callicromia Laser Studio. Sichere und ma\u00dfgeschneiderte L\u00f6sungen f\u00fcr eine gesunde Haut. Buchen Sie jetzt!  ","_seopress_robots_index":"","footnotes":""},"class_list":["post-865","page","type-page","status-publish","hentry"],"_links":{"self":[{"href":"https:\/\/callicromia.ch\/de\/wp-json\/wp\/v2\/pages\/865","targetHints":{"allow":["GET"]}}],"collection":[{"href":"https:\/\/callicromia.ch\/de\/wp-json\/wp\/v2\/pages"}],"about":[{"href":"https:\/\/callicromia.ch\/de\/wp-json\/wp\/v2\/types\/page"}],"author":[{"embeddable":true,"href":"https:\/\/callicromia.ch\/de\/wp-json\/wp\/v2\/users\/2"}],"replies":[{"embeddable":true,"href":"https:\/\/callicromia.ch\/de\/wp-json\/wp\/v2\/comments?post=865"}],"version-history":[{"count":3,"href":"https:\/\/callicromia.ch\/de\/wp-json\/wp\/v2\/pages\/865\/revisions"}],"predecessor-version":[{"id":1054,"href":"https:\/\/callicromia.ch\/de\/wp-json\/wp\/v2\/pages\/865\/revisions\/1054"}],"up":[{"embeddable":true,"href":"https:\/\/callicromia.ch\/de\/wp-json\/wp\/v2\/pages\/866"}],"wp:attachment":[{"href":"https:\/\/callicromia.ch\/de\/wp-json\/wp\/v2\/media?parent=865"}],"curies":[{"name":"wp","href":"https:\/\/api.w.org\/{rel}","templated":true}]}}