{"id":872,"date":"2025-01-11T10:15:24","date_gmt":"2025-01-11T09:15:24","guid":{"rendered":"https:\/\/callicromia.ch\/ueber-uns\/"},"modified":"2025-01-26T18:10:36","modified_gmt":"2025-01-26T17:10:36","slug":"ueber-uns","status":"publish","type":"page","link":"https:\/\/callicromia.ch\/de\/ueber-uns\/","title":{"rendered":"\u00dcber uns"},"content":{"rendered":"\t\t<div data-elementor-type=\"wp-page\" data-elementor-id=\"872\" class=\"elementor elementor-872 elementor-131\" data-elementor-post-type=\"page\">\n\t\t\t\t<div class=\"elementor-element elementor-element-bb55db4 e-con-full e-flex e-con e-parent\" data-id=\"bb55db4\" data-element_type=\"container\" data-e-type=\"container\">\n\t\t<div class=\"elementor-element elementor-element-171d3af e-con-full e-flex e-con e-child\" data-id=\"171d3af\" data-element_type=\"container\" data-e-type=\"container\" data-settings=\"{&quot;background_background&quot;:&quot;classic&quot;}\">\n\t\t\t\t<div class=\"elementor-element elementor-element-62a4de1 elementor-widget elementor-widget-shortcode\" data-id=\"62a4de1\" data-element_type=\"widget\" data-e-type=\"widget\" data-widget_type=\"shortcode.default\">\n\t\t\t\t<div class=\"elementor-widget-container\">\n\t\t\t\t\t\t\t<div class=\"elementor-shortcode\"><nav  aria-label=\"Brotkrumen\"><ol class=\"breadcrumb\"><li class=\"breadcrumb-item active\" aria-current=\"page\"><span>Home<\/span><\/li><\/ol><\/nav>\n<\/div>\n\t\t\t\t\t\t<\/div>\n\t\t\t\t<\/div>\n\t\t\t\t<\/div>\n\t\t\t\t<\/div>\n\t\t<div class=\"elementor-element elementor-element-187a50d8 e-flex e-con-boxed e-con e-parent\" data-id=\"187a50d8\" data-element_type=\"container\" data-e-type=\"container\" data-settings=\"{&quot;background_background&quot;:&quot;classic&quot;}\">\n\t\t\t\t\t<div class=\"e-con-inner\">\n\t\t<div class=\"elementor-element elementor-element-71c2f74 e-con-full e-flex e-con e-child\" data-id=\"71c2f74\" data-element_type=\"container\" data-e-type=\"container\">\n\t\t\t\t<div class=\"elementor-element elementor-element-7f968171 elementor-widget elementor-widget-jkit_heading\" data-id=\"7f968171\" data-element_type=\"widget\" data-e-type=\"widget\" data-widget_type=\"jkit_heading.default\">\n\t\t\t\t<div class=\"elementor-widget-container\">\n\t\t\t\t\t<div  class=\"jeg-elementor-kit jkit-heading  align-center align-tablet- align-mobile- jeg_module___69f4967f55c82\" ><div class=\"heading-section-title border-enable start display-inline-block\"><h2 class=\"heading-title\">La nostra storia<\/h2><\/div><\/div>\t\t\t\t<\/div>\n\t\t\t\t<\/div>\n\t\t\t\t<div class=\"elementor-element elementor-element-4abc44ef elementor-widget elementor-widget-heading\" data-id=\"4abc44ef\" data-element_type=\"widget\" data-e-type=\"widget\" data-widget_type=\"heading.default\">\n\t\t\t\t<div class=\"elementor-widget-container\">\n\t\t\t\t\t<h3 class=\"elementor-heading-title elementor-size-default\">\u00dcber uns<\/h3>\t\t\t\t<\/div>\n\t\t\t\t<\/div>\n\t\t\t\t<div class=\"elementor-element elementor-element-36ce0b6 elementor-widget__width-initial elementor-widget elementor-widget-text-editor\" data-id=\"36ce0b6\" data-element_type=\"widget\" data-e-type=\"widget\" data-widget_type=\"text-editor.default\">\n\t\t\t\t<div class=\"elementor-widget-container\">\n\t\t\t\t\t\t\t\t\t<p><strong>Callicromia Laser Studio<\/strong>: wo sich Leidenschaft und Innovation treffen<br \/>Unser Laserstudio ist aus der Vision und dem Engagement von Michela Pagliuca und Stephan Schlunke entstanden, die als Pioniere das Potenzial der Lasertechnologie f\u00fcr die \u00e4sthetische Medizin verstanden haben. In einer Zeit, in der Technologie f\u00fcr das Wohlbefinden unabdingbar ist, haben sie sich entschieden, sich auf eine Zukunft der Exzellenz, der Qualit\u00e4t und der Innovation zu konzentrieren und sich dabei auf ihre langj\u00e4hrige Erfahrung und ihr Know-how zu st\u00fctzen <\/p>\n\t\t\t\t\t\t\t\t<\/div>\n\t\t\t\t<\/div>\n\t\t\t\t<div class=\"elementor-element elementor-element-5e1bf01 elementor-widget elementor-widget-button\" data-id=\"5e1bf01\" data-element_type=\"widget\" data-e-type=\"widget\" data-widget_type=\"button.default\">\n\t\t\t\t<div class=\"elementor-widget-container\">\n\t\t\t\t\t\t\t\t\t<div class=\"elementor-button-wrapper\">\n\t\t\t\t\t<a class=\"elementor-button elementor-button-link elementor-size-sm\" href=\"https:\/\/callicromia.ch\/de\/die-philosophie-des-callicromia-laser-studios-einfuehlungsvermoegen-innovation-und-sicherheit\/\">\n\t\t\t\t\t\t<span class=\"elementor-button-content-wrapper\">\n\t\t\t\t\t\t\t\t\t<span class=\"elementor-button-text\">Entdecken Sie unsere Philosophie<\/span>\n\t\t\t\t\t<\/span>\n\t\t\t\t\t<\/a>\n\t\t\t\t<\/div>\n\t\t\t\t\t\t\t\t<\/div>\n\t\t\t\t<\/div>\n\t\t<div class=\"elementor-element elementor-element-38c4c039 e-flex e-con-boxed e-con e-child\" data-id=\"38c4c039\" data-element_type=\"container\" data-e-type=\"container\">\n\t\t\t\t\t<div class=\"e-con-inner\">\n\t\t\t\t<div class=\"elementor-element elementor-element-1fd815d1 elementor-widget-mobile__width-initial elementor-widget elementor-widget-image\" data-id=\"1fd815d1\" data-element_type=\"widget\" data-e-type=\"widget\" data-widget_type=\"image.default\">\n\t\t\t\t<div class=\"elementor-widget-container\">\n\t\t\t\t\t\t\t\t\t\t\t\t\t\t\t<img alt=\"\" fetchpriority=\"high\" decoding=\"async\" width=\"640\" height=\"480\" src=\"https:\/\/callicromia.ch\/wp-content\/uploads\/2025\/01\/Callicromia-1920w.webp\" class=\"attachment-large size-large wp-image-759\" alt=\"\" srcset=\"https:\/\/callicromia.ch\/wp-content\/uploads\/2025\/01\/Callicromia-1920w.webp 640w, https:\/\/callicromia.ch\/wp-content\/uploads\/2025\/01\/Callicromia-1920w-300x225.webp 300w\" sizes=\"(max-width: 640px) 100vw, 640px\" \/>\t\t\t\t\t\t\t\t\t\t\t\t\t\t\t<\/div>\n\t\t\t\t<\/div>\n\t\t\t\t\t<\/div>\n\t\t\t\t<\/div>\n\t\t\t\t<\/div>\n\t\t\t\t\t<\/div>\n\t\t\t\t<\/div>\n\t\t<div class=\"elementor-element elementor-element-3b392b34 e-flex e-con-boxed e-con e-parent\" data-id=\"3b392b34\" data-element_type=\"container\" data-e-type=\"container\" data-settings=\"{&quot;background_background&quot;:&quot;classic&quot;}\">\n\t\t\t\t\t<div class=\"e-con-inner\">\n\t\t<div class=\"elementor-element elementor-element-2ec7d91e e-con-full e-flex e-con e-child\" data-id=\"2ec7d91e\" data-element_type=\"container\" data-e-type=\"container\">\n\t\t\t\t<div class=\"elementor-element elementor-element-78abb906 elementor-widget elementor-widget-image\" data-id=\"78abb906\" data-element_type=\"widget\" data-e-type=\"widget\" data-widget_type=\"image.default\">\n\t\t\t\t<div class=\"elementor-widget-container\">\n\t\t\t\t\t\t\t\t\t\t\t\t\t\t\t<img alt=\"\" decoding=\"async\" width=\"800\" height=\"800\" src=\"https:\/\/callicromia.ch\/wp-content\/uploads\/2025\/01\/favicon-1024x1024.png\" class=\"attachment-large size-large wp-image-690\" alt=\"\" srcset=\"https:\/\/callicromia.ch\/wp-content\/uploads\/2025\/01\/favicon-1024x1024.png 1024w, https:\/\/callicromia.ch\/wp-content\/uploads\/2025\/01\/favicon-300x300.png 300w, https:\/\/callicromia.ch\/wp-content\/uploads\/2025\/01\/favicon-150x150.png 150w, https:\/\/callicromia.ch\/wp-content\/uploads\/2025\/01\/favicon-768x768.png 768w, https:\/\/callicromia.ch\/wp-content\/uploads\/2025\/01\/favicon-1536x1536.png 1536w, https:\/\/callicromia.ch\/wp-content\/uploads\/2025\/01\/favicon.png 2000w\" sizes=\"(max-width: 800px) 100vw, 800px\" \/>\t\t\t\t\t\t\t\t\t\t\t\t\t\t\t<\/div>\n\t\t\t\t<\/div>\n\t\t\t\t<\/div>\n\t\t<div class=\"elementor-element elementor-element-7b8d8f76 e-con-full e-flex e-con e-child\" data-id=\"7b8d8f76\" data-element_type=\"container\" data-e-type=\"container\">\n\t\t\t\t<div class=\"elementor-element elementor-element-7cc4309f elementor-widget elementor-widget-heading\" data-id=\"7cc4309f\" data-element_type=\"widget\" data-e-type=\"widget\" data-widget_type=\"heading.default\">\n\t\t\t\t<div class=\"elementor-widget-container\">\n\t\t\t\t\t<h2 class=\"elementor-heading-title elementor-size-default\"><br> Die Wahl eines Namens: Warum CalliCromia?<\/h2>\t\t\t\t<\/div>\n\t\t\t\t<\/div>\n\t\t\t\t<div class=\"elementor-element elementor-element-1f74e31 elementor-widget elementor-widget-text-editor\" data-id=\"1f74e31\" data-element_type=\"widget\" data-e-type=\"widget\" data-widget_type=\"text-editor.default\">\n\t\t\t\t<div class=\"elementor-widget-container\">\n\t\t\t\t\t\t\t\t\t<p>Der Name <strong>CalliCromia <\/strong>steht f\u00fcr die Essenz unserer Philosophie: eine tiefe Verbundenheit mit der \u00c4sthetik und Harmonie, welche Formen und Farben vermitteln k\u00f6nnen. Wir waren schon immer von der transformativen Kraft der Sch\u00f6nheit fasziniert, die unser inneres Wohlbefinden durch \u00e4u\u00dferes Gleichgewicht und Harmonie verbessern kann. <\/p>\n<p>Diese Vision leitete uns bei der Wahl eines Namens, der unsere Mission authentisch zum Ausdruck bringen sollte. <strong>CalliCromia <\/strong>ist aus der Verbindung zweier bedeutender Wurzeln entstanden:<\/p>\n<ul>\n<li>&#8222;<strong>Calli<\/strong>&#8222;, das aus dem Griechischen &#8222;kallos&#8220; stammt, was Sch\u00f6nheit bedeutet<\/li>\n<li><strong>&#8222;Cromia&#8220;<\/strong>, das sich auf die Farbe bezieht, ein wesentliches Element des \u00e4sthetischen Ausdrucks.<\/li>\n<\/ul>\n<p>Zusammen ergeben diese W\u00f6rter einen Namen, der die Kunst des Wohlbefindens und der Sch\u00f6nheit zelebriert, eine Kombination aus wissenschaftlicher Innovation und \u00e4sthetischer Magie. CalliCromia ist nicht nur ein Name, sondern auch ein Symbol f\u00fcr unser Engagement f\u00fcr die F\u00f6rderung von Harmonie und Gleichgewicht bei denjenigen, die sich unseren Behandlungen anvertrauen <\/p>\n\t\t\t\t\t\t\t\t<\/div>\n\t\t\t\t<\/div>\n\t\t\t\t<div class=\"elementor-element elementor-element-acb859d elementor-widget elementor-widget-button\" data-id=\"acb859d\" data-element_type=\"widget\" data-e-type=\"widget\" data-widget_type=\"button.default\">\n\t\t\t\t<div class=\"elementor-widget-container\">\n\t\t\t\t\t\t\t\t\t<div class=\"elementor-button-wrapper\">\n\t\t\t\t\t<a class=\"elementor-button elementor-button-link elementor-size-sm\" href=\"https:\/\/callicromia.ch\/de\/die-philosophie-des-callicromia-laser-studios-einfuehlungsvermoegen-innovation-und-sicherheit\/\">\n\t\t\t\t\t\t<span class=\"elementor-button-content-wrapper\">\n\t\t\t\t\t\t\t\t\t<span class=\"elementor-button-text\">Vollst\u00e4ndiger Artikel hier<\/span>\n\t\t\t\t\t<\/span>\n\t\t\t\t\t<\/a>\n\t\t\t\t<\/div>\n\t\t\t\t\t\t\t\t<\/div>\n\t\t\t\t<\/div>\n\t\t\t\t<\/div>\n\t\t\t\t\t<\/div>\n\t\t\t\t<\/div>\n\t\t<div class=\"elementor-element elementor-element-1cc39f3 e-flex e-con-boxed e-con e-parent\" data-id=\"1cc39f3\" data-element_type=\"container\" data-e-type=\"container\" data-settings=\"{&quot;background_background&quot;:&quot;classic&quot;}\">\n\t\t\t\t\t<div class=\"e-con-inner\">\n\t\t<div class=\"elementor-element elementor-element-d8e901d e-con-full e-flex e-con e-child\" data-id=\"d8e901d\" data-element_type=\"container\" data-e-type=\"container\">\n\t\t\t\t<div class=\"elementor-element elementor-element-a3b27cc elementor-invisible elementor-widget elementor-widget-heading\" data-id=\"a3b27cc\" data-element_type=\"widget\" data-e-type=\"widget\" data-settings=\"{&quot;_animation&quot;:&quot;fadeInUp&quot;,&quot;_animation_delay&quot;:200}\" data-widget_type=\"heading.default\">\n\t\t\t\t<div class=\"elementor-widget-container\">\n\t\t\t\t\t<h2 class=\"elementor-heading-title elementor-size-default\">Warum das Callicromia Laser-Studio?<\/h2>\t\t\t\t<\/div>\n\t\t\t\t<\/div>\n\t\t\t\t<div class=\"elementor-element elementor-element-0de932e elementor-widget elementor-widget-text-editor\" data-id=\"0de932e\" data-element_type=\"widget\" data-e-type=\"widget\" data-widget_type=\"text-editor.default\">\n\t\t\t\t<div class=\"elementor-widget-container\">\n\t\t\t\t\t\t\t\t\t<p>Wenn es um fortschrittliche \u00e4sthetische Behandlungen geht, macht die Wahl der richtigen Praxis den entscheidenden Unterschied.<\/p>\n<p>Deshalb ist das <strong>Callicromia Laser Studio<\/strong> Ihr idealer Partner f\u00fcr Sch\u00f6nheitspflege und Wellness.<\/p>\n\t\t\t\t\t\t\t\t<\/div>\n\t\t\t\t<\/div>\n\t\t\t\t<\/div>\n\t\t<div class=\"elementor-element elementor-element-ad238e0 e-con-full e-flex e-con e-child\" data-id=\"ad238e0\" data-element_type=\"container\" data-e-type=\"container\">\n\t\t\t\t<div class=\"elementor-element elementor-element-191a517 jkit-equal-height-disable elementor-widget elementor-widget-jkit_icon_box\" data-id=\"191a517\" data-element_type=\"widget\" data-e-type=\"widget\" data-widget_type=\"jkit_icon_box.default\">\n\t\t\t\t<div class=\"elementor-widget-container\">\n\t\t\t\t\t<div  class=\"jeg-elementor-kit jkit-icon-box icon-position-top elementor-animation- jeg_module__1_69f4967f59010\" ><div class=\"jkit-icon-box-wrapper hover-from-left\"><div class=\"icon-box icon-box-header elementor-animation-\"><div class=\"icon style-color\"><img decoding=\"async\" width=\"478\" height=\"478\" src=\"https:\/\/callicromia.ch\/wp-content\/uploads\/2025\/01\/Eccellenza.png\" class=\"attachment-full size-full\" alt=\"Trattamenti di eccellenza\" url=\"https:\/\/callicromia.ch\/wp-content\/uploads\/2025\/01\/Eccellenza.png\" source=\"library\" srcset=\"https:\/\/callicromia.ch\/wp-content\/uploads\/2025\/01\/Eccellenza.png 478w, https:\/\/callicromia.ch\/wp-content\/uploads\/2025\/01\/Eccellenza-300x300.png 300w, https:\/\/callicromia.ch\/wp-content\/uploads\/2025\/01\/Eccellenza-150x150.png 150w\" sizes=\"(max-width: 478px) 100vw, 478px\" \/><\/div><\/div><div class=\"icon-box icon-box-body\">\n                <h4 class=\"title\">Trattamenti di eccellenza<\/h4><p class=\"icon-box-description\">Offriamo trattamenti laser di ultima generazione, progettati per essere sicuri, personalizzati e altamente efficaci. Ogni intervento \u00e8 studiato per garantire risultati visibili e duraturi, permettendoti di sentirti al meglio in ogni occasione.\n\n<\/p>\n            <\/div>\n            \n            <\/div><\/div>\t\t\t\t<\/div>\n\t\t\t\t<\/div>\n\t\t\t\t<\/div>\n\t\t<div class=\"elementor-element elementor-element-804b7e6 e-con-full e-flex e-con e-child\" data-id=\"804b7e6\" data-element_type=\"container\" data-e-type=\"container\">\n\t\t\t\t<div class=\"elementor-element elementor-element-a2426e7 jkit-equal-height-disable elementor-widget elementor-widget-jkit_icon_box\" data-id=\"a2426e7\" data-element_type=\"widget\" data-e-type=\"widget\" data-widget_type=\"jkit_icon_box.default\">\n\t\t\t\t<div class=\"elementor-widget-container\">\n\t\t\t\t\t<div  class=\"jeg-elementor-kit jkit-icon-box icon-position- elementor-animation- jeg_module__2_69f4967f59f0b\" ><div class=\"jkit-icon-box-wrapper hover-from-left\"><div class=\"icon-box icon-box-header elementor-animation-\"><div class=\"icon style-color\"><img loading=\"lazy\" decoding=\"async\" width=\"478\" height=\"478\" src=\"https:\/\/callicromia.ch\/wp-content\/uploads\/2025\/01\/apparrechiature.png\" class=\"attachment-full size-full\" alt=\"Apparecchiature all\u2019avanguardia\" url=\"https:\/\/callicromia.ch\/wp-content\/uploads\/2025\/01\/apparrechiature.png\" source=\"library\" srcset=\"https:\/\/callicromia.ch\/wp-content\/uploads\/2025\/01\/apparrechiature.png 478w, https:\/\/callicromia.ch\/wp-content\/uploads\/2025\/01\/apparrechiature-300x300.png 300w, https:\/\/callicromia.ch\/wp-content\/uploads\/2025\/01\/apparrechiature-150x150.png 150w\" sizes=\"(max-width: 478px) 100vw, 478px\" \/><\/div><\/div><div class=\"icon-box icon-box-body\">\n                <h4 class=\"title\">Apparecchiature all\u2019avanguardia<\/h4><p class=\"icon-box-description\">Il nostro studio \u00e8 dotato delle tecnologie laser pi\u00f9 avanzate, sempre igienizzate e mantenute secondo i pi\u00f9 alti standard di sicurezza. Questo ci consente di offrire trattamenti precisi, non invasivi e con tempi di recupero minimi.\n\n<\/p>\n            <\/div>\n            \n            <\/div><\/div>\t\t\t\t<\/div>\n\t\t\t\t<\/div>\n\t\t\t\t<\/div>\n\t\t<div class=\"elementor-element elementor-element-770776a e-con-full e-flex e-con e-child\" data-id=\"770776a\" data-element_type=\"container\" data-e-type=\"container\">\n\t\t\t\t<div class=\"elementor-element elementor-element-d881fe1 jkit-equal-height-disable elementor-widget elementor-widget-jkit_icon_box\" data-id=\"d881fe1\" data-element_type=\"widget\" data-e-type=\"widget\" data-widget_type=\"jkit_icon_box.default\">\n\t\t\t\t<div class=\"elementor-widget-container\">\n\t\t\t\t\t<div  class=\"jeg-elementor-kit jkit-icon-box icon-position- elementor-animation- jeg_module__3_69f4967f5ace6\" ><div class=\"jkit-icon-box-wrapper hover-from-left\"><div class=\"icon-box icon-box-header elementor-animation-\"><div class=\"icon style-color\"><i aria-hidden=\"true\" class=\"jki jki-certificate-solid\"><\/i><\/div><\/div><div class=\"icon-box icon-box-body\">\n                <h4 class=\"title\">Competenze certificate<\/h4><p class=\"icon-box-description\">Il nostro team \u00e8 composto da professionisti altamente qualificati e certificati, con anni di esperienza nel settore. La loro competenza e affidabilit\u00e0 sono la garanzia di un servizio mirato, risolutivo e incentrato sul tuo benessere.\n\n<\/p>\n            <\/div>\n            \n            <\/div><\/div>\t\t\t\t<\/div>\n\t\t\t\t<\/div>\n\t\t\t\t<\/div>\n\t\t\t\t\t<\/div>\n\t\t\t\t<\/div>\n\t\t<div class=\"elementor-element elementor-element-345bb3ea e-flex e-con-boxed e-con e-parent\" data-id=\"345bb3ea\" data-element_type=\"container\" data-e-type=\"container\">\n\t\t\t\t\t<div class=\"e-con-inner\">\n\t\t<div class=\"elementor-element elementor-element-591d8428 e-con-full e-flex e-con e-child\" data-id=\"591d8428\" data-element_type=\"container\" data-e-type=\"container\">\n\t\t\t\t<div class=\"elementor-element elementor-element-22323607 elementor-widget elementor-widget-jkit_heading\" data-id=\"22323607\" data-element_type=\"widget\" data-e-type=\"widget\" data-widget_type=\"jkit_heading.default\">\n\t\t\t\t<div class=\"elementor-widget-container\">\n\t\t\t\t\t<div  class=\"jeg-elementor-kit jkit-heading  align-center align-tablet- align-mobile- jeg_module__4_69f4967f5b8e9\" ><div class=\"heading-section-title border-enable start display-inline-block\"><h2 class=\"heading-title\">Le nostre recensioni<\/h2><\/div><\/div>\t\t\t\t<\/div>\n\t\t\t\t<\/div>\n\t\t\t\t<div class=\"elementor-element elementor-element-4ddae8b1 elementor-widget__width-initial elementor-widget elementor-widget-heading\" data-id=\"4ddae8b1\" data-element_type=\"widget\" data-e-type=\"widget\" data-widget_type=\"heading.default\">\n\t\t\t\t<div class=\"elementor-widget-container\">\n\t\t\t\t\t<h3 class=\"elementor-heading-title elementor-size-default\">Was Kunden sagen<\/h3>\t\t\t\t<\/div>\n\t\t\t\t<\/div>\n\t\t\t\t<\/div>\n\t\t<div class=\"elementor-element elementor-element-79736b3 e-con-full e-flex e-con e-child\" data-id=\"79736b3\" data-element_type=\"container\" data-e-type=\"container\">\n\t\t\t\t<div class=\"elementor-element elementor-element-dac22cd elementor-widget elementor-widget-shortcode\" data-id=\"dac22cd\" data-element_type=\"widget\" data-e-type=\"widget\" data-widget_type=\"shortcode.default\">\n\t\t\t\t<div class=\"elementor-widget-container\">\n\t\t\t\t\t\t\t<div class=\"elementor-shortcode\"><pre class=\"ti-widget\" style=\"display: none\"><template id=\"trustindex-google-widget-html\"><div class=\" ti-widget  ti-goog ti-show-rating-text ti-review-text-mode-readmore ti-content-align-center\" data-no-translation=\"true\" data-time-locale=\"%d %s fa|oggi|giorno|giorni|settimana|settimane|mese|mesi|anno|anni\" data-plugin-version=\"13.2.9\" data-layout-id=\"37\" data-layout-category=\"slider\" data-set-id=\"light-background\" data-pid=\"\" data-language=\"it\" data-close-locale=\"Vicino\" data-css-version=\"2\" data-reply-by-locale=\"Risposta dal proprietario\" data-only-rating-locale=\"Questo utente ha lasciato solo una valutazione.\" data-pager-autoplay-timeout=\"6\"> <div class=\"ti-widget-container ti-col-1\"> <div class=\"ti-reviews-container\"> <div class=\"ti-controls\"> <div class=\"ti-next\" aria-label=\"Prossima recensione\" role=\"button\" tabindex=\"0\"><\/div> <div class=\"ti-prev\" aria-label=\"Recensione precedente\" role=\"button\" tabindex=\"0\"><\/div> <\/div> <div class=\"ti-reviews-container-wrapper\">  <div data-empty=\"0\" data-time=\"1735430400\" class=\"ti-review-item source-Google ti-image-layout-thumbnail\" data-id=\"cfcd208495d565ef66e7dff9f98764da\"> <div class=\"ti-inner\"> <div class=\"ti-review-header\"> <trustindex-image class=\"ti-platform-icon\" data-imgurl=\"https:\/\/cdn.trustindex.io\/assets\/platform\/Google\/icon.svg\" alt=\"\" width=\"20\" height=\"20\" loading=\"lazy\"><\/trustindex-image> <div class=\"ti-profile-img\"> <trustindex-image data-imgurl=\"https:\/\/lh3.googleusercontent.com\/a-\/ALV-UjWb6Eh2OS3Ks45BtfZFtbEzPOuyH1IgwSJgaV3xazSnb5QyGM4=w64-h64-c-rp-mo-ba4-br100\" alt=\"Paia profile picture\" loading=\"lazy\"><\/trustindex-image> <\/div> <div class=\"ti-profile-details\"> <div class=\"ti-name\"> Paia <\/div> <div class=\"ti-date\"><\/div> <\/div> <\/div> <span class=\"ti-stars\"><trustindex-image class=\"ti-star\" data-imgurl=\"https:\/\/cdn.trustindex.io\/assets\/platform\/Google\/star\/f.svg\" alt=\"Google star 1\" width=\"17\" height=\"17\" loading=\"lazy\"><\/trustindex-image><trustindex-image class=\"ti-star\" data-imgurl=\"https:\/\/cdn.trustindex.io\/assets\/platform\/Google\/star\/f.svg\" alt=\"Google star 2\" width=\"17\" height=\"17\" loading=\"lazy\"><\/trustindex-image><trustindex-image class=\"ti-star\" data-imgurl=\"https:\/\/cdn.trustindex.io\/assets\/platform\/Google\/star\/f.svg\" alt=\"Google star 3\" width=\"17\" height=\"17\" loading=\"lazy\"><\/trustindex-image><trustindex-image class=\"ti-star\" data-imgurl=\"https:\/\/cdn.trustindex.io\/assets\/platform\/Google\/star\/f.svg\" alt=\"Google star 4\" width=\"17\" height=\"17\" loading=\"lazy\"><\/trustindex-image><trustindex-image class=\"ti-star\" data-imgurl=\"https:\/\/cdn.trustindex.io\/assets\/platform\/Google\/star\/f.svg\" alt=\"Google star 5\" width=\"17\" height=\"17\" loading=\"lazy\"><\/trustindex-image><\/span> <div class=\"ti-review-text-container ti-review-content\"><!-- R-CONTENT -->Great experience, met my personal specific needs. Professional personnel, very competitive and you can get a laser test for free. Thank you!<!-- R-CONTENT --><\/div> <span class=\"ti-read-more\" data-container=\".ti-review-content\" data-collapse-text=\"Nascondere\" data-open-text=\"Leggi di pi\u00f9\"><\/span> <\/div> <\/div>  <div data-empty=\"0\" data-time=\"1734307200\" class=\"ti-review-item source-Google ti-image-layout-thumbnail\" data-id=\"cfcd208495d565ef66e7dff9f98764da\"> <div class=\"ti-inner\"> <div class=\"ti-review-header\"> <trustindex-image class=\"ti-platform-icon\" data-imgurl=\"https:\/\/cdn.trustindex.io\/assets\/platform\/Google\/icon.svg\" alt=\"\" width=\"20\" height=\"20\" loading=\"lazy\"><\/trustindex-image> <div class=\"ti-profile-img\"> <trustindex-image data-imgurl=\"https:\/\/lh3.googleusercontent.com\/a-\/ALV-UjW96V2mBWyyk6RPbyv4KE8fb5MGs-RIc1DNgXfy3KY4ESxGQaRDbA=w64-h64-c-rp-mo-ba4-br100\" alt=\"Caroline Schlunke profile picture\" loading=\"lazy\"><\/trustindex-image> <\/div> <div class=\"ti-profile-details\"> <div class=\"ti-name\"> Caroline Schlunke <\/div> <div class=\"ti-date\"><\/div> <\/div> <\/div> <span class=\"ti-stars\"><trustindex-image class=\"ti-star\" data-imgurl=\"https:\/\/cdn.trustindex.io\/assets\/platform\/Google\/star\/f.svg\" alt=\"Google star 1\" width=\"17\" height=\"17\" loading=\"lazy\"><\/trustindex-image><trustindex-image class=\"ti-star\" data-imgurl=\"https:\/\/cdn.trustindex.io\/assets\/platform\/Google\/star\/f.svg\" alt=\"Google star 2\" width=\"17\" height=\"17\" loading=\"lazy\"><\/trustindex-image><trustindex-image class=\"ti-star\" data-imgurl=\"https:\/\/cdn.trustindex.io\/assets\/platform\/Google\/star\/f.svg\" alt=\"Google star 3\" width=\"17\" height=\"17\" loading=\"lazy\"><\/trustindex-image><trustindex-image class=\"ti-star\" data-imgurl=\"https:\/\/cdn.trustindex.io\/assets\/platform\/Google\/star\/f.svg\" alt=\"Google star 4\" width=\"17\" height=\"17\" loading=\"lazy\"><\/trustindex-image><trustindex-image class=\"ti-star\" data-imgurl=\"https:\/\/cdn.trustindex.io\/assets\/platform\/Google\/star\/f.svg\" alt=\"Google star 5\" width=\"17\" height=\"17\" loading=\"lazy\"><\/trustindex-image><\/span> <div class=\"ti-review-text-container ti-review-content\"><!-- R-CONTENT -->Personale molto professionale, ambiente rilassante e ben curato, trattamento praticamente indolore. Si entra dalla stessa entrata del negozio<!-- R-CONTENT --><\/div> <span class=\"ti-read-more\" data-container=\".ti-review-content\" data-collapse-text=\"Nascondere\" data-open-text=\"Leggi di pi\u00f9\"><\/span> <\/div> <\/div>  <\/div> <\/div> <div class=\"ti-controls-line\"> <div class=\"dot\"><\/div> <\/div> <div class=\"ti-footer\"> <div class=\"ti-rating-text\"> <span class=\"nowrap\">Valutazione complessiva <strong>Google<\/strong> <\/span><span class=\"nowrap\"><strong>5.0<\/strong> su 5, <\/span><span class=\"nowrap\">in base a <strong>2 recensioni<\/strong><\/span> <\/div> <\/div>   <\/div> <\/div> <\/template><\/pre><div data-src=\"https:\/\/cdn.trustindex.io\/loader.js?wp-widget\" data-template-id=\"trustindex-google-widget-html\" data-css-url=\"https:\/\/callicromia.ch\/wp-content\/uploads\/trustindex-google-widget.css?1776206916\"><\/div><\/div>\n\t\t\t\t\t\t<\/div>\n\t\t\t\t<\/div>\n\t\t\t\t<\/div>\n\t\t\t\t\t<\/div>\n\t\t\t\t<\/div>\n\t\t\t\t<\/div>\n\t\t","protected":false},"excerpt":{"rendered":"<p>La nostra storia \u00dcber uns Callicromia Laser Studio: wo sich Leidenschaft und Innovation treffenUnser Laserstudio ist aus der Vision und dem Engagement von Michela Pagliuca und Stephan Schlunke entstanden, die als Pioniere das Potenzial der Lasertechnologie f\u00fcr die \u00e4sthetische Medizin verstanden haben. In einer Zeit, in der Technologie f\u00fcr das Wohlbefinden unabdingbar ist, haben sie [&hellip;]<\/p>\n","protected":false},"author":2,"featured_media":0,"parent":0,"menu_order":0,"comment_status":"closed","ping_status":"closed","template":"elementor_header_footer","meta":{"_seopress_robots_primary_cat":"","_seopress_titles_title":"\u00dcber uns - Callichromia Laser Studio, Medizinische Behandlungen","_seopress_titles_desc":"Entdecken Sie das Callicromia Laser Studio: Erfahrung, fortschrittliche Technologie und sichere medizinische Laserbehandlungen in Locarno. Ihre Sch\u00f6nheit in erfahrenen H\u00e4nden ","_seopress_robots_index":"","footnotes":""},"class_list":["post-872","page","type-page","status-publish","hentry"],"_links":{"self":[{"href":"https:\/\/callicromia.ch\/de\/wp-json\/wp\/v2\/pages\/872","targetHints":{"allow":["GET"]}}],"collection":[{"href":"https:\/\/callicromia.ch\/de\/wp-json\/wp\/v2\/pages"}],"about":[{"href":"https:\/\/callicromia.ch\/de\/wp-json\/wp\/v2\/types\/page"}],"author":[{"embeddable":true,"href":"https:\/\/callicromia.ch\/de\/wp-json\/wp\/v2\/users\/2"}],"replies":[{"embeddable":true,"href":"https:\/\/callicromia.ch\/de\/wp-json\/wp\/v2\/comments?post=872"}],"version-history":[{"count":11,"href":"https:\/\/callicromia.ch\/de\/wp-json\/wp\/v2\/pages\/872\/revisions"}],"predecessor-version":[{"id":1017,"href":"https:\/\/callicromia.ch\/de\/wp-json\/wp\/v2\/pages\/872\/revisions\/1017"}],"wp:attachment":[{"href":"https:\/\/callicromia.ch\/de\/wp-json\/wp\/v2\/media?parent=872"}],"curies":[{"name":"wp","href":"https:\/\/api.w.org\/{rel}","templated":true}]}}